{"id":219,"date":"2020-04-30T15:59:38","date_gmt":"2020-04-30T15:59:38","guid":{"rendered":"https:\/\/www.monxef.com\/?page_id=219"},"modified":"2023-08-25T16:45:21","modified_gmt":"2023-08-25T16:45:21","slug":"etixef-mini","status":"publish","type":"page","link":"https:\/\/www.monxef.com\/en\/etixef-mini\/","title":{"rendered":"etiXEF Mini"},"content":{"rendered":"<div data-elementor-type=\"wp-page\" data-elementor-id=\"219\" class=\"elementor elementor-219\">\n\t\t\t\t\t\t\t\t\t<section class=\"elementor-section elementor-top-section elementor-element elementor-element-353d19b7 elementor-section-boxed elementor-section-height-default elementor-section-height-default\" data-id=\"353d19b7\" data-element_type=\"section\">\n\t\t\t\t\t\t<div class=\"elementor-container elementor-column-gap-default\">\n\t\t\t\t\t<div class=\"elementor-column elementor-col-100 elementor-top-column elementor-element elementor-element-6a591a25\" data-id=\"6a591a25\" data-element_type=\"column\">\n\t\t\t<div class=\"elementor-widget-wrap\">\n\t\t\t\t\t\t\t\t\t<\/div>\n\t\t<\/div>\n\t\t\t\t\t\t\t<\/div>\n\t\t<\/section>\n\t\t\t\t<section class=\"elementor-section elementor-top-section elementor-element elementor-element-b23fe8f elementor-section-full_width elementor-section-height-default elementor-section-height-default\" data-id=\"b23fe8f\" data-element_type=\"section\" data-settings=\"{&quot;shape_divider_bottom&quot;:&quot;opacity-tilt&quot;}\">\n\t\t\t\t\t<div class=\"elementor-shape elementor-shape-bottom\" data-negative=\"false\">\n\t\t\t<svg xmlns=\"http:\/\/www.w3.org\/2000\/svg\" viewbox=\"0 0 2600 131.1\" preserveaspectratio=\"none\">\n\t<path class=\"elementor-shape-fill\" d=\"M0 0L2600 0 2600 69.1 0 0z\"\/>\n\t<path class=\"elementor-shape-fill\" style=\"opacity:0.5\" d=\"M0 0L2600 0 2600 69.1 0 69.1z\"\/>\n\t<path class=\"elementor-shape-fill\" style=\"opacity:0.25\" d=\"M2600 0L0 0 0 130.1 2600 69.1z\"\/>\n<\/svg>\t\t<\/div>\n\t\t\t\t\t<div class=\"elementor-container elementor-column-gap-no\">\n\t\t\t\t\t<div class=\"elementor-column elementor-col-100 elementor-top-column elementor-element elementor-element-7d8d75b\" data-id=\"7d8d75b\" data-element_type=\"column\">\n\t\t\t<div class=\"elementor-widget-wrap elementor-element-populated\">\n\t\t\t\t\t\t\t\t<div class=\"elementor-element elementor-element-f6d96a3 elementor-widget elementor-widget-image\" data-id=\"f6d96a3\" data-element_type=\"widget\" data-widget_type=\"image.default\">\n\t\t\t\t<div class=\"elementor-widget-container\">\n\t\t\t<style>\/*! elementor - v3.15.0 - 20-08-2023 *\/\n.elementor-widget-image{text-align:center}.elementor-widget-image a{display:inline-block}.elementor-widget-image a img[src$=\".svg\"]{width:48px}.elementor-widget-image img{vertical-align:middle;display:inline-block}<\/style>\t\t\t\t\t\t\t\t\t\t\t\t<img decoding=\"async\" loading=\"lazy\" width=\"2048\" height=\"888\" src=\"https:\/\/www.monxef.com\/wp-content\/uploads\/2023\/08\/etixefmini-2048x759-1.jpg\" class=\"attachment-full size-full wp-image-595\" alt=\"\" srcset=\"https:\/\/www.monxef.com\/wp-content\/uploads\/2023\/08\/etixefmini-2048x759-1.jpg 2048w, https:\/\/www.monxef.com\/wp-content\/uploads\/2023\/08\/etixefmini-2048x759-1-300x130.jpg 300w, https:\/\/www.monxef.com\/wp-content\/uploads\/2023\/08\/etixefmini-2048x759-1-1024x444.jpg 1024w, https:\/\/www.monxef.com\/wp-content\/uploads\/2023\/08\/etixefmini-2048x759-1-768x333.jpg 768w, https:\/\/www.monxef.com\/wp-content\/uploads\/2023\/08\/etixefmini-2048x759-1-1536x666.jpg 1536w, https:\/\/www.monxef.com\/wp-content\/uploads\/2023\/08\/etixefmini-2048x759-1-18x8.jpg 18w\" sizes=\"(max-width: 2048px) 100vw, 2048px\" \/>\t\t\t\t\t\t\t\t\t\t\t\t\t\t\t<\/div>\n\t\t\t\t<\/div>\n\t\t\t\t\t<\/div>\n\t\t<\/div>\n\t\t\t\t\t\t\t<\/div>\n\t\t<\/section>\n\t\t\t\t<section class=\"elementor-section elementor-top-section elementor-element elementor-element-0a52fb7 elementor-section-boxed elementor-section-height-default elementor-section-height-default\" data-id=\"0a52fb7\" data-element_type=\"section\">\n\t\t\t\t\t\t<div class=\"elementor-container elementor-column-gap-default\">\n\t\t\t\t\t<div class=\"elementor-column elementor-col-33 elementor-top-column elementor-element elementor-element-30b9f24\" data-id=\"30b9f24\" data-element_type=\"column\">\n\t\t\t<div class=\"elementor-widget-wrap elementor-element-populated\">\n\t\t\t\t\t\t\t\t<div class=\"elementor-element elementor-element-cd8c39d elementor-widget elementor-widget-image\" data-id=\"cd8c39d\" data-element_type=\"widget\" data-widget_type=\"image.default\">\n\t\t\t\t<div class=\"elementor-widget-container\">\n\t\t\t\t\t\t\t\t\t\t\t\t\t\t\t<img decoding=\"async\" loading=\"lazy\" width=\"2000\" height=\"2500\" src=\"https:\/\/www.monxef.com\/wp-content\/uploads\/2020\/04\/captura1.png\" class=\"attachment-full size-full wp-image-223\" alt=\"etiXEF Mini\" srcset=\"https:\/\/www.monxef.com\/wp-content\/uploads\/2020\/04\/captura1.png 2000w, https:\/\/www.monxef.com\/wp-content\/uploads\/2020\/04\/captura1-240x300.png 240w, https:\/\/www.monxef.com\/wp-content\/uploads\/2020\/04\/captura1-819x1024.png 819w, https:\/\/www.monxef.com\/wp-content\/uploads\/2020\/04\/captura1-768x960.png 768w, https:\/\/www.monxef.com\/wp-content\/uploads\/2020\/04\/captura1-1229x1536.png 1229w, https:\/\/www.monxef.com\/wp-content\/uploads\/2020\/04\/captura1-1638x2048.png 1638w, https:\/\/www.monxef.com\/wp-content\/uploads\/2020\/04\/captura1-1080x1350.png 1080w\" sizes=\"(max-width: 2000px) 100vw, 2000px\" \/>\t\t\t\t\t\t\t\t\t\t\t\t\t\t\t<\/div>\n\t\t\t\t<\/div>\n\t\t\t\t\t<\/div>\n\t\t<\/div>\n\t\t\t\t<div class=\"elementor-column elementor-col-33 elementor-top-column elementor-element elementor-element-180fc4d\" data-id=\"180fc4d\" data-element_type=\"column\">\n\t\t\t<div class=\"elementor-widget-wrap elementor-element-populated\">\n\t\t\t\t\t\t\t\t<div class=\"elementor-element elementor-element-dce9175 elementor-view-default elementor-position-top elementor-mobile-position-top elementor-widget elementor-widget-icon-box\" data-id=\"dce9175\" data-element_type=\"widget\" data-widget_type=\"icon-box.default\">\n\t\t\t\t<div class=\"elementor-widget-container\">\n\t\t\t<link rel=\"stylesheet\" href=\"https:\/\/www.monxef.com\/wp-content\/plugins\/elementor\/assets\/css\/widget-icon-box.min.css\">\t\t<div class=\"elementor-icon-box-wrapper\">\n\t\t\t\t\t\t<div class=\"elementor-icon-box-icon\">\n\t\t\t\t<span class=\"elementor-icon elementor-animation-\" >\n\t\t\t\t<i aria-hidden=\"true\" class=\"fas fa-crop-alt\"><\/i>\t\t\t\t<\/span>\n\t\t\t<\/div>\n\t\t\t\t\t\t<div class=\"elementor-icon-box-content\">\n\t\t\t\t<h3 class=\"elementor-icon-box-title\">\n\t\t\t\t\t<span  >\n\t\t\t\t\t\tetiXEF Mini\t\t\t\t\t<\/span>\n\t\t\t\t<\/h3>\n\t\t\t\t\t\t\t\t\t<p class=\"elementor-icon-box-description\">\n\t\t\t\t\t\tImpresi\u00f3n de etiquetas para procesos en cocina, recepci\u00f3n, elaboraci\u00f3n, congelaci\u00f3n, descongelaci\u00f3n, aperturas, ingredientes y al\u00e9rgenos...\t\t\t\t\t<\/p>\n\t\t\t\t\t\t\t<\/div>\n\t\t<\/div>\n\t\t\t\t<\/div>\n\t\t\t\t<\/div>\n\t\t\t\t<div class=\"elementor-element elementor-element-2eb14e6 elementor-view-default elementor-position-top elementor-mobile-position-top elementor-widget elementor-widget-icon-box\" data-id=\"2eb14e6\" data-element_type=\"widget\" data-widget_type=\"icon-box.default\">\n\t\t\t\t<div class=\"elementor-widget-container\">\n\t\t\t\t\t<div class=\"elementor-icon-box-wrapper\">\n\t\t\t\t\t\t<div class=\"elementor-icon-box-icon\">\n\t\t\t\t<span class=\"elementor-icon elementor-animation-\" >\n\t\t\t\t<i aria-hidden=\"true\" class=\"fas fa-list-ol\"><\/i>\t\t\t\t<\/span>\n\t\t\t<\/div>\n\t\t\t\t\t\t<div class=\"elementor-icon-box-content\">\n\t\t\t\t<h3 class=\"elementor-icon-box-title\">\n\t\t\t\t\t<span  >\n\t\t\t\t\t\tIngredients reception\t\t\t\t\t<\/span>\n\t\t\t\t<\/h3>\n\t\t\t\t\t\t\t\t\t<p class=\"elementor-icon-box-description\">\n\t\t\t\t\t\tPermite el etiquetado de los ingredientes\/productos que recibimos para seguir su trazabilidad y caducidad.\t\t\t\t\t<\/p>\n\t\t\t\t\t\t\t<\/div>\n\t\t<\/div>\n\t\t\t\t<\/div>\n\t\t\t\t<\/div>\n\t\t\t\t\t<\/div>\n\t\t<\/div>\n\t\t\t\t<div class=\"elementor-column elementor-col-33 elementor-top-column elementor-element elementor-element-ef4ba8b\" data-id=\"ef4ba8b\" data-element_type=\"column\">\n\t\t\t<div class=\"elementor-widget-wrap elementor-element-populated\">\n\t\t\t\t\t\t\t\t<div class=\"elementor-element elementor-element-d08cfa0 elementor-widget elementor-widget-image\" data-id=\"d08cfa0\" data-element_type=\"widget\" data-widget_type=\"image.default\">\n\t\t\t\t<div class=\"elementor-widget-container\">\n\t\t\t\t\t\t\t\t\t\t\t\t\t\t\t<img decoding=\"async\" loading=\"lazy\" width=\"2000\" height=\"2500\" src=\"https:\/\/www.monxef.com\/wp-content\/uploads\/2020\/04\/captura5.png\" class=\"attachment-full size-full wp-image-225\" alt=\"etiXEF Mini\" srcset=\"https:\/\/www.monxef.com\/wp-content\/uploads\/2020\/04\/captura5.png 2000w, https:\/\/www.monxef.com\/wp-content\/uploads\/2020\/04\/captura5-240x300.png 240w, https:\/\/www.monxef.com\/wp-content\/uploads\/2020\/04\/captura5-819x1024.png 819w, https:\/\/www.monxef.com\/wp-content\/uploads\/2020\/04\/captura5-768x960.png 768w, https:\/\/www.monxef.com\/wp-content\/uploads\/2020\/04\/captura5-1229x1536.png 1229w, https:\/\/www.monxef.com\/wp-content\/uploads\/2020\/04\/captura5-1638x2048.png 1638w, https:\/\/www.monxef.com\/wp-content\/uploads\/2020\/04\/captura5-1080x1350.png 1080w\" sizes=\"(max-width: 2000px) 100vw, 2000px\" \/>\t\t\t\t\t\t\t\t\t\t\t\t\t\t\t<\/div>\n\t\t\t\t<\/div>\n\t\t\t\t\t<\/div>\n\t\t<\/div>\n\t\t\t\t\t\t\t<\/div>\n\t\t<\/section>\n\t\t\t\t\t\t\t<\/div>","protected":false},"excerpt":{"rendered":"<p>etiXEF Mini Impresi\u00f3n de etiquetas para procesos en cocina, recepci\u00f3n, elaboraci\u00f3n, congelaci\u00f3n, descongelaci\u00f3n, aperturas, ingredientes y al\u00e9rgenos&#8230; Recepci\u00f3n de ingredientes Permite el etiquetado de los ingredientes\/productos que recibimos para seguir su trazabilidad y caducidad.<\/p>","protected":false},"author":1,"featured_media":0,"parent":0,"menu_order":0,"comment_status":"closed","ping_status":"closed","template":"elementor_header_footer","meta":{"footnotes":""},"_links":{"self":[{"href":"https:\/\/www.monxef.com\/en\/wp-json\/wp\/v2\/pages\/219"}],"collection":[{"href":"https:\/\/www.monxef.com\/en\/wp-json\/wp\/v2\/pages"}],"about":[{"href":"https:\/\/www.monxef.com\/en\/wp-json\/wp\/v2\/types\/page"}],"author":[{"embeddable":true,"href":"https:\/\/www.monxef.com\/en\/wp-json\/wp\/v2\/users\/1"}],"replies":[{"embeddable":true,"href":"https:\/\/www.monxef.com\/en\/wp-json\/wp\/v2\/comments?post=219"}],"version-history":[{"count":90,"href":"https:\/\/www.monxef.com\/en\/wp-json\/wp\/v2\/pages\/219\/revisions"}],"predecessor-version":[{"id":601,"href":"https:\/\/www.monxef.com\/en\/wp-json\/wp\/v2\/pages\/219\/revisions\/601"}],"wp:attachment":[{"href":"https:\/\/www.monxef.com\/en\/wp-json\/wp\/v2\/media?parent=219"}],"curies":[{"name":"wp","href":"https:\/\/api.w.org\/{rel}","templated":true}]}}